{"id":317,"date":"2023-06-27T06:33:48","date_gmt":"2023-06-27T06:33:48","guid":{"rendered":"https:\/\/sugrobov.de\/?page_id=317"},"modified":"2023-08-05T12:08:43","modified_gmt":"2023-08-05T12:08:43","slug":"politic","status":"publish","type":"page","link":"https:\/\/sugrobov.de\/ru\/politic\/","title":{"rendered":"\u041f\u043e\u043b\u0438\u0442\u0438\u043a\u0430 \u0441\u0430\u0439\u0442\u0430"},"content":{"rendered":"<p>Wir bedanken uns h\u00f6flich f\u00fcr Ihren Besuch unserer Website und freuen uns \u00fcber Ihr Interesse an uns und den Inhalten unserer Rechtsanwaltskanzlei, die wir auf unserer Website zur Verf\u00fcgung gestellt haben.<br \/>\nDie Berufstr\u00e4ger unserer Kanzlei sind bereits nach der Bundesrechtsanwaltsordnung zur Verschwiegenheit verpflichtet. Auch aus diesem Grund ist uns Ihr Vertrauen wichtig.<br \/>\nDas gilt selbstverst\u00e4ndlich vor einer Mandatierung wie w\u00e4hrend eines bestehenden Mandatsverh\u00e4ltnisses.<br \/>\nDaher m\u00f6chten wir Ihnen jederzeit Rede und Antwort bez\u00fcglich der Verarbeitung Ihrer personenbezogenen Daten stehen.<br \/>\nPersonenbezogen Daten sind Angaben zu einer Person, die sich auf eine Person beziehen (z.B. Name, Adresse, Postanschrift, Telefonnummer, IP-Adresse) und die dazu genutzt werden k\u00f6nnen, die Identit\u00e4t einer Person zu erfahren und alle Informationen, die sich auf eine identifizierte oder identifizierbare nat\u00fcrliche Person (sog. \u201ebetroffene Person\u201c) beziehen. Als identifizierbar wird eine nat\u00fcrliche Person angesehen, die direkt oder indirekt, insbesondere mittels Zuordnung zu einer Kennung wie einem Namen, zu einer Kennnummer, zu Standortdaten, zu einer Online-Kennung oder zu einem oder mehreren besonderen Merkmalen identifiziert werden kann.<br \/>\nWenn Sie Fragen haben, die Ihnen diese Datenschutzerkl\u00e4rung nicht beantworten konnte oder wenn Sie zu einem Punkt vertiefte Informationen w\u00fcnschen, wenden Sie sich bitte jederzeit an uns.<\/p>\n<p>Die Nutzung unserer Webseite ist in der Regel ohne die Angabe von personenbezogenen Daten m\u00f6glich.<\/p>\n<p>Soweit personenbezogene Daten beim Besuch unserer Webseiten erhoben werden, verarbeiten wir diese ausschlie\u00dflich nach Ma\u00dfgabe der Datenschutz-Grundverordnung (VO (EU) 2016\/679; DS-GVO) und des Bundesdatenschutzgesetzes vom 30. Juli 2017 (BDSG-neu), sowie des Telemediengesetzes (TMG). Die Verarbeitung von personenbezogenen Daten findet ausschlie\u00dflich nach Ma\u00dfgabe dieser Datenschutzerkl\u00e4rung statt.<\/p>\n<p>Diese Datenschutzerkl\u00e4rung gilt f\u00fcr die Nutzung der Webseite unter der Adresse www.rechtsanwalt-billerbeck.de, www.advocate-germany.de. F\u00fcr verlinkte Inhalte anderer Anbieter ist die auf der verlinkten Webseite hinterlegte Datenschutzerkl\u00e4rung ma\u00dfgeblich.<\/p>\n<p>Wir weisen darauf hin, dass im Rahmen der Daten\u00fcbertragung mittels Internet Sicherheitsl\u00fccken auftreten k\u00f6nnen, die sich auch nicht durch die technische Gestaltung dieser Webseite verhindern lassen. Ein l\u00fcckenloser Schutz von personenbezogenen Daten ist bei der Nutzung des Internet nicht m\u00f6glich.<\/p>\n<p>Im Folgenden d\u00fcrfen wir Sie \u00fcber den Umgang mit Ihren personenbezogenen Daten wie folgt informieren:<\/p>\n<p><strong>1. Namen und Kontaktdaten der f\u00fcr den betrieblichen Datenschutz Verantwortlichen<\/strong><\/p>\n<p>F\u00fcr die Verarbeitung von personenbezogenen Daten im Rahmen der Nutzung dieser Webseite verantwortlich sind:<\/p>\n<p>Sugrobov+<br \/>\nLudgeristra\u00dfe 20<br \/>\n48727 Billerbeck<br \/>\nDeutschland, Germany<br \/>\nTel.: +49 2543 4777<br \/>\nFax: +49 2543 9853<br \/>\nE-Mail: info@advocate-germany.de<\/p>\n<p>&nbsp;<\/p>\n<p><strong>Datenschutzbeauftragter<\/strong><\/p>\n<p>Als Datenschutzbeauftragter ist bei uns bestellt:<\/p>\n<p>Herr Dipl.-Inform. Olaf Tenti<\/p>\n<p>GDI Gesellschaft f\u00fcr Datenschutz und Informationssicherheit mbH<\/p>\n<p>Fleyer Stra\u00dfe 61, 58097 Hagen (NRW)<\/p>\n<p>Telefon: +49 (0)2331\/356832-0<\/p>\n<p>E-Mail: datenschutz@gdi-mbh.eu<\/p>\n<p>Internet: www.gdi-mbh.eu<\/p>\n<p><strong>2. Datenerfassung und Art und Zweck der Verwendung<\/strong><br \/>\n<strong>2.1. Datenerfassung beim Besuch unserer Website<\/strong><\/p>\n<p>Beim Abruf unserer Webseiten werden automatisiert Daten erhoben und in Protokolldateien auf dem Server unseres Hosters gespeichert. Diese Daten k\u00f6nnen einen Personenbezug aufweisen. Unter den erhobenen Daten sind:<\/p>\n<ul>\n<li>Name der abgerufenen Webseite<\/li>\n<li>Datum und Uhrzeit des Abrufs<\/li>\n<li>\u00dcbertragene Datenmenge<\/li>\n<li>Meldung \u00fcber erfolgreichen Abruf<\/li>\n<li>Art des Internetbrowsers<\/li>\n<li>Version des Internetbrowsers<\/li>\n<li>Das unter dem Browser liegende Betriebssystem mit Patch-Level<\/li>\n<li>Zuvor besuchte Seite<\/li>\n<li>anfragender Provider<\/li>\n<\/ul>\n<p>Die Verarbeitung erfolgte gem\u00e4\u00df Art. 6 Abs. 1 lit. f DSGVO auf Basis unseres berechtigten Interesses an der Verbesserung der Stabilit\u00e4t und Funktionalit\u00e4t unserer Website. Eine Weitergabe oder anderweitige Verwendung der Daten findet nicht statt. Wir behalten uns allerdings vor, die Server-Logfiles nachtr\u00e4glich zu \u00fcberpr\u00fcfen, sollten konkrete Anhaltspunkte auf eine rechtswidrige Nutzung hinweisen.<br \/>\nEine Weitergabe oder anderweitige Verwendung der vorgenannten Daten erfolgt nicht. Insbesondere werden au\u00dfer der IP-Adresse keinerlei personenbezogenen Daten (Name, Adresse etc.) erfasst, die irgendwelche R\u00fcckschl\u00fcsse auf Ihre Person zulassen.<\/p>\n<p><strong>2.2. Datenerfassung bei Kontaktaufnahme \u00fcber unsere Website<\/strong><\/p>\n<p><strong>Kontaktm\u00f6glichkeiten (Formular \/ E-Mail)<\/strong><\/p>\n<p><strong>Auf unserer Webseite besteht die M\u00f6glichkeit uns per E-Mail \/ Kontaktformular zu kontaktieren. In diesem Zusammenhang werden personenbezogene Daten von Ihnen zum Zwecke der Kommunikation gespeichert und verarbeitet. Die zu diesem Zweck erhobenen Daten (Name, Anschrift, Telefonnummer, E-Mail-Adresse, IP-Adresse) werden nicht an Dritte weitergegeben. Eine Zusammenf\u00fchrung der Daten mit anderen auf dieser Webseite erhobenen Daten findet nicht statt. [Die Daten werden ggf. im Rahmen des Custer-Relations-Managements (CRM) gespeichert, sofern Sie bereits Kunde unseres Unternehmens sind.]<\/strong><\/p>\n<p><strong>Grundlage der Datenerhebung gem. Art.6 Abs. 1 S. 1 DS-GVO sind: die von Ihnen ggf. erteilte Einwilligung (lit. a); ggf. die Verarbeitung der Informationen zur Erf\u00fcllung eines Vertrages oder der Vertragsanbahnung (lit. b), ggf. die Erf\u00fcllung einer rechtlichen Verpflichtung (lit. b) sowie das berechtigte Interesse unseres Unternehmens an der von Ihnen eingeleiteten Kommunikation (lit. f).<\/strong><\/p>\n<p><strong>Die Daten werden gel\u00f6scht, sobald der Zweck der Kommunikation erreicht wurde.<\/strong><\/p>\n<p><strong>2.3. Datenerfassung bei der Beantwortung von Anfragen \/ Mandatsverh\u00e4ltnissen<\/strong><br \/>\nSoweit Sie \u00fcber unsere Seite mit uns Kontakt aufnehmen, um Anfragen zu stellen oder zur Begr\u00fcndung oder im Rahmen von Mandatsverh\u00e4ltnissen mit uns kommunizieren, verarbeiten wir die von Ihnen zur Verf\u00fcgung gestellten personenbezogenen Daten und die, die erforderlich sind, um Ihre Interessen umfassend wahrzunehmen. Diese werden vertraulich behandelt und nur zu dem Zweck verwendet, f\u00fcr den diese Daten von Ihnen \u00fcberlassen wurden, bzw. f\u00fcr deren Nutzung und Weitergabe Sie Ihr Einverst\u00e4ndnis gegeben haben. Sie werden nicht f\u00fcr Werbezwecke genutzt und nicht an Dritte weitergegeben. Alle Personen, die mit Ihren Daten in Ber\u00fchrung kommen, sind auf die Einhaltung der datenschutzrechtlichen Bestimmungen verpflichtet. Bitte beachten Sie allerdings, dass die \u00dcbermittlung der Daten \u00fcber das Internet stets mit Sicherheitsrisiken verbunden ist und deshalb m\u00f6glichst keine vertraulichen Informationen an uns gesendet werden sollten. Wir bieten sichere \u00dcbertragungswege an, auf die Sie uns vor \u00dcbersendung von vertraulichen Inhalten ansprechen sollten.<br \/>\nWenn Sie uns mandatieren, erheben wir regelm\u00e4\u00dfig folgende Informationen:<br \/>\n\u2022 Anrede, Vorname, Nachname, ggf. Name der juristischen Person<br \/>\n\u2022 Eine g\u00fcltige E-Mail-Adresse,<br \/>\n\u2022 Anschrift<br \/>\n\u2022 Telefonnummer (Festnetz und\/oder Mobilfunk)<br \/>\n\u2022 Informationen, die f\u00fcr die Geltendmachung und Verteidigung Ihrer Rechte im Rahmen des Mandats notwendig sind.<br \/>\nDie Erhebung dieser Daten erfolgt,<br \/>\n\u2022 um Sie als unseren Mandanten identifizieren zu k\u00f6nnen,<br \/>\n\u2022 um Sie angemessen anwaltlich beraten und vertreten zu k\u00f6nnen,<br \/>\n\u2022 zur Korrespondenz mit Ihnen,<br \/>\n\u2022 zur Rechnungsstellung<br \/>\n\u2022 zur Geltendmachung oder Abwehr jedweder Anspr\u00fcche und Rechte im Rahmen des Mandatsauftrags.<br \/>\nDie Speicherung erfolgt ausschlie\u00dflich zur Vertragsabwicklung. Die Datenverarbeitung erfolgt auf Ihre Anfrage hin und ist nach Art. 6 Abs. 1 S. 1 lit. b, c DSGVO zu den genannten Zwecken f\u00fcr die angemessene Bearbeitung des Mandats und f\u00fcr die beidseitige Erf\u00fcllung von Verpflichtungen aus dem Mandatsvertrag erforderlich und\/oder weil das Mandatsverh\u00e4ltnis Rechtsgrundlage ist.<br \/>\nDie f\u00fcr die Mandatierung von uns erhobenen personenbezogenen Daten werden bis zum Ablauf der gesetzlichen Aufbewahrungspflicht f\u00fcr Anw\u00e4lte (6 Jahre nach Ablauf des Kalenderjahres, in dem das Mandat beendet wurde,) gespeichert und danach gel\u00f6scht, es sei denn, dass wir nach Artikel 6 Abs. 1 S. 1 lit. c DSGVO aufgrund von steuer- und handelsrechtlichen Aufbewahrungs- und Dokumentationspflichten (aus HGB, StGB oder AO) zu einer l\u00e4ngeren Speicherung verpflichtet sind oder Sie in eine dar\u00fcber hinausgehende Speicherung nach Art. 6 Abs. 1 S. 1 lit. a DSGVO eingewilligt haben.<\/p>\n<p><strong>3. Cookies<\/strong><\/p>\n<p>Zur Bereitstellung unserer Webseite werden Cookies eingesetzt. Cookies sind kleine Textdateien, die auf Ihrem Endger\u00e4t gespeichert werden und die der Wiedererkennung Ihres Ger\u00e4tes erm\u00f6glichen.<\/p>\n<p>Cookies dienen dazu Ihnen die Dienste unserer Webseiten technisch zur Verf\u00fcgung zu stellen. Dazu werden sog. Session-Cookies eingesetzt, die eine Wiedererkennung innerhalb eines Besuchs unserer Seiten erm\u00f6glichen. Im Anschluss an Ihren Besuch werden gesetzte Cookie automatisch von Ihrem Browser gel\u00f6scht.<\/p>\n<p>Wir setzen Cookies ein um unsere Webeseiten zu optimieren. Dazu werden sog. Session-Cookies eingesetzt, die eine Wiedererkennung innerhalb eines Besuchs unserer Seiten erm\u00f6glichen. Session-Cookies werden im Anschluss an Ihren Besuch automatisch von Ihrem Browser gel\u00f6scht.<\/p>\n<p>Weiterhin setzen wir Cookies ein, die dazu dienen Ihr Ger\u00e4t sitzungs\u00fcbergreifend wiederzuerkennen. Zu diesem Zweck auf Ihrem Ger\u00e4t gespeicherte Cookies werden nicht nach der einzelnen Sitzung gel\u00f6scht.<\/p>\n<p>Sie k\u00f6nnen der Verwendung von Cookies durch die Voreinstellungen Ihres Browsers widersprechen und das Setzen von Cookie so verhindern. Wir weisen drauf hin, dass die Nutzung einzelner Funktionen unserer Webseite dann unter Umst\u00e4nden nicht m\u00f6glich ist.<\/p>\n<p><strong>4. Newsletter-Versand<\/strong><\/p>\n<p>Auf unserer Webseite haben Sie die M\u00f6glichkeit sich f\u00fcr einen Newsletter einzutragen, der per E-Mail versendet wird. Der Versand an Ihre E-Mail-Adresse erfolgt aufgrund Ihrer pers\u00f6nlichen Registrierung mit anschlie\u00dfender Best\u00e4tigung (Double-Opt-In), mit der Sie in den Newsletter-Versand einwilligen.<\/p>\n<p>F\u00fcr den Versand des Newsletters speichern wir Ihre E-Mail-Adresse sowie Ihren Vor- und Nachnamen und die von Ihnen abonnierten Listen. Die Daten werden nicht an Dritte weitergegeben.<\/p>\n<p>Unser Newsletter-System verf\u00fcgt \u00fcber eine Funktion, mit der wir nachhalten k\u00f6nnen zu welcher Uhrzeit welche Empf\u00e4nger den Newsletter ge\u00f6ffnet haben. Diese Daten werden gespeichert und f\u00fcr eine Auswertung der Reichweite einzelner Kampagnen genutzt.<\/p>\n<p>&nbsp;<\/p>\n<p><strong>Widerruf der Einwilligung.<\/strong>\u00a0Sie k\u00f6nnen der Nutzung Ihrer Daten jederzeit mit Wirkung f\u00fcr die Zukunft widersprechen. Die finden eine M\u00f6glichkeit zum De-abonnieren des Newsletters am Ende jeder Newsletter-Mail.<\/p>\n<p><strong>5. Datenschutzbestimmungen zu Einsatz und Verwendung von Google Analytics (mit Anonymisierungsfunktion)<\/strong><\/p>\n<p><strong>Auf unserer Webseite setzen wir Google Analytics ein. Der Dienst wird angeboten von Google Inc., 1600 Amphitheatre Parkway, Mountain View, CA 94043, USA (nachfolgend \u201eGoogle\u201c). Zur Bereitstellung des Dienstes wird Google ggf. Cookies auf Ihrem Endger\u00e4t speichern. Cookies sind kleine Textdateien, die der Wiedererkennung Ihres Browsers dienen.<\/strong><\/p>\n<p><strong>Google speichert im Rahmen Ihrer Webseitennutzung folgende Daten: Neben der IP-Adresse werden Zeit, Ort, Dauer und H\u00e4ufigkeit Ihres Webseitenbesuchs gespeichert. Wir haben Google Analytics so eingerichtet, dass die IP-Adresse anonymisiert wird. Dazu wird die IP-Adresse verk\u00fcrzt.<\/strong><\/p>\n<p><strong>Die Daten verwendet Google um Berichte \u00fcber die Nutzung unserer Webseiten f\u00fcr uns zu erstellen. Mittels dieser sollen wir Benutzerstr\u00f6me auf unserer Webseite erkennen unsere Webseite anhand der Erkenntnisse optimieren.<\/strong><\/p>\n<p><strong>Google wird die Informationen an Dritte weitergeben, sofern dies gesetzlich vorgeschrieben ist. Google wird in keinem Fall Ihre IP-Adresse mit anderen Daten Google zusammenf\u00fchren.<\/strong><\/p>\n<p>Im Rahmen der Verarbeitung von Google Analytics werden personenbezogene Daten in die USA \u00fcbermittelt. In diesem Fall wird die Anonymisierung der IP-Adresse in jedem Fall bereits vor der \u00dcbermittlung in die USA auf Servern innerhalb der Mitgliedsstaaten der Europ\u00e4ischen Union durchgef\u00fchrt. Die \u00dcbermittlung von personenbezogenen Daten in die USA findet statt auf Grundlage eines Angemessenheitsbeschlusses der Europ\u00e4ischen Kommission vom 12. Juli 2016 (\u201eEU-US-Datenschutzschild\u201c).<\/p>\n<p><strong>Widerspruch gegen die Datenerhebung.<\/strong>\u00a0Gegen die Datenerhebung durch Google Analytics k\u00f6nnen Sie wie folgt widersprechen: Google stellt ein Deaktivierungs-Add-On zur Verf\u00fcgung, das Sie in Ihrem Browser installieren k\u00f6nnen. Sofern dieses ordnungsgem\u00e4\u00df in Ihrem Browser installiert ist, findet eine Datenerhebung durch Google im Rahmen des Analytics-Programms nicht statt. Die Widerspruchsm\u00f6glichkeit im Rahmen des Analytics-Programms hat keine Auswirkungen auf eine eventuelle Datenweitergabe an andere Webdienste.<\/p>\n<p>Das Deaktivierungs-Add<strong>\u2013<\/strong>On kann auf den Internetseiten von Google heruntergeladen werden unter diesem Link:<\/p>\n<p><a href=\"http:\/\/tools.google.com\/dlpage\/gaoptout?hl=de\">http:\/\/tools.google.com\/dlpage\/gaoptout?hl=de<\/a><\/p>\n<p>Alternativ k\u00f6nnen Sie per Klick auf den folgenden Link einen sog. \u201eOpt-Out-Cookie\u201c f\u00fcr den verwendeten Browser setzen. Beim Besuch\u00a0<strong>dieser Webseite<\/strong>\u00a0werden dann k\u00fcnftig keine Daten mehr an Google Analytics weitergeleitet.<\/p>\n<p>Bitte beachten Sie, dass der Opt-Out-Cookie ggf. gel\u00f6scht werden kann. Die L\u00f6schung des Opt-Out-Cookies ist abh\u00e4ngig von Ihren individuellen Browser-Einstellungen. Wenn der Cookie gel\u00f6scht wird, muss er durch erneuten Klick auf den oben angegeben Link neu gesetzt werden.<\/p>\n<p>Im Falle eines Widerspruchs gegen die Datenerhebung durch Google Analytics kann es vorkommen, dass nicht alle von uns bereitgestellten Dienste ordnungsgem\u00e4\u00df genutzt werden k\u00f6nnen.<\/p>\n<p><strong>5.2\u00a0Google Maps<\/strong><\/p>\n<p>Teile unserer Website nutzen zur Einbindung von Kartendaten Funktionen von Google Maps. Diese Inhalte werden von Google Inc., 1600 Amphitheatre Parkway Mountain View, CA 94043, USA (\u201eGoogle\u201c) bereitgestellt. Beim Aufruf unserer Website l\u00e4dt Ihr Browser den dazu notwendigen Code von Google. Zu diesem Zweck muss der von Ihnen verwendete Browser Verbindung zu den Servern von Google aufnehmen. Hierdurch erlangt Google Kenntnis dar\u00fcber, dass \u00fcber Ihre IP-Adresse unsere Website aufgerufen wurde. Zugleich kann Google Cookies auf Ihrem Endger\u00e4t ablegen, sofern Sie nicht die Verwendung von Cookies in Ihrem Browser untersagt haben, oder Cookies auslesen. Es k\u00f6nnen auch Standortdaten erhoben werden, wenn Sie dies in Ihrem Browser gestatten.<\/p>\n<p>Die Nutzung von Google Maps erfolgt zum Zweck einer ansprechenden, komfortablen Gestaltung unserer Website und erlaubt Ihnen die erleichterte Auffindbarkeit von uns auf der Website angegebener Orte. Dies stellt ein berechtigtes Interesse im Sinne von Art. 6 Abs. 1 Buchst. f DSGVO dar. Die Daten\u00fcbertragung in die USA erfolgt gem\u00e4\u00df des Durchf\u00fchrungsbeschlusses (EU) 2016\/1250 der EU-Kommission (EU-US-Datenschutzschild).<\/p>\n<p>Ihre IP-Adresse wird von uns erhoben, um die \u00dcbermittlung an Google zu erm\u00f6glichen. Sie sind zur Bereitstellung dieser Daten nicht verpflichtet, eine Nutzung der betroffenen Teile unserer Website (http:\/\/ckn.de\/kontakt\/) ohne Bereitstellung dieser Daten ist jedoch nicht m\u00f6glich.<\/p>\n<p>Weitere Informationen enth\u00e4lt die Datenschutzerkl\u00e4rung von Google, diese finden Sie unter https:\/\/www.google.com\/policies\/privacy\/.<\/p>\n<p><strong>5.3\u00a0Instagram<\/strong><\/p>\n<p>Auf unserer Seite setzen wir Instagram ein. Der Dienst wird angeboten von Instagram LLC, 1601 Willow Rd, Menlo Park CA 94025, USA. Bei jedem einzelnen Aufruf unserer Webseiten, in die ein \u201eInsta\u201c-Button eingebunden ist, veranlasst diese Komponente, dass der von Ihnen verwendete Browser eine entsprechende Darstellung von Instagram herunterl\u00e4dt. Wenn Sie eine solche Insta-Komponente auf unseren Webseiten aufrufen und w\u00e4hrenddessen bei Instagram eingeloggt sind, sammelt Instagram Informationen dar\u00fcber, welche konkrete Seite Sie besuchen und ordnet diese Informationen Ihrem pers\u00f6nlichen Konto bei Instagram zu. Geben Sie entsprechende Kommentare ab, werden diese Informationen an Ihr pers\u00f6nliches Mitgliedskonto bei Instagram \u00fcbermittelt und dort gespeichert. Dar\u00fcber hinaus wird die Information, dass Sie unsere Webseiten besucht haben, an Instagram weitergegeben. Dies geschieht unabh\u00e4ngig davon, ob Sie z.B. den Insta-Button anklicken und Kommentare abgeben oder nicht.<\/p>\n<p>Dies k\u00f6nnen Sie verhindern, indem Sie sich vor dem Besuch unserer Website von Ihrem Mitgliedskonto bei Instagram abmelden.<\/p>\n<p>Weitere Informationen zum Datenschutz, insbesondere zur Erhebung und Nutzung der Daten durch Instagram, werden von Instagram unter dem folgenden Link bereitgestellt:\u00a0<a href=\"https:\/\/help.instagram.com\/155833707900388\">https:\/\/help.instagram.com\/155833707900388<\/a><\/p>\n<p><strong>6. Weitergabe von Daten<\/strong><br \/>\nEine \u00dcbermittlung Ihrer pers\u00f6nlichen Daten finden grunds\u00e4tzlich nicht statt.<br \/>\nNur in den nachgenannten Ausnahmef\u00e4llen d\u00fcrfen wir Ihre Daten weitergeben, n\u00e4mlich sofern<br \/>\n\u2022 Sie nach Art. 6 Abs. 1 S. 1 lit. a DSGVO hierzu Ihre ausdr\u00fcckliche Einwilligung erteilt haben.<br \/>\n\u2022 die Weitergabe gem. Art. 6 I S. 1 lit. f DSGVO zur Geltendmachung, zur Verfolgung, zur Aus\u00fcbung und Verteidigung Ihrer Rechtsanspr\u00fcche und Ihres Begehrens erforderlich sind, und auch kein im \u00dcbrigen schutzw\u00fcrdiges Interesse an der Weitergabe Ihrer Daten entgegensteht.<br \/>\n\u2022 die Weitergabe nach Art. 6 I S. 1 lit. c DSGVO gesetzlich verpflichtend ist oder gesetzlich zul\u00e4ssig ist und f\u00fcr die Abwicklung Ihres Anliegens nach Art. 6 I Satz1 b DSGVO erforderlich ist.<\/p>\n<p><strong>8. Betroffenenrechte<\/strong><\/p>\n<p><strong>Ihre Rechte und Geltendmachung von Rechten<\/strong><\/p>\n<p><strong>Ihnen stehen die unten genannten Rechte zu. Diese k\u00f6nnen Sie uns gegen\u00fcber geltend machen.\u00a0<\/strong>Zur Geltendmachung nutzen Sie bitte die oben genannten Daten oder per E-Mail an: info@advocate-germany.de.<\/p>\n<p><strong>Auskunftsrecht.<\/strong>\u00a0Ihnen steht ein Recht auf Auskunft dar\u00fcber zu, ob wir personenbezogene Daten \u00fcber Sie verarbeiten, zu welchen Zwecken wir die Daten verarbeiten, welche Kategorien von personenbezogenen Daten \u00fcber Sie wir verarbeiten, an wen den die Daten ggf. weitergeleitet wurden, wie lange die Daten ggf. gespeichert werden sollen und welche Rechte Ihnen zustehen.<\/p>\n<p><strong>Recht zur Berichtigung von Daten.<\/strong>\u00a0Sie haben das Recht unzutreffende, Sie betreffende Personenbezogene Daten, die bei uns gespeichert werden berichtigen zu lassen. Ebenso haben Sie das Recht einen bei uns gespeicherten unvollst\u00e4ndigen Datensatz von uns erg\u00e4nzen zu lassen.<\/p>\n<p><strong>L\u00f6schung.<\/strong>\u00a0Sie k\u00f6nnen von uns L\u00f6schung der Sie betreffenden personenbezogenen Daten verlangen, sofern (1) die Daten unrechtm\u00e4\u00dfig verarbeitet wurden, (2) der Zweck, f\u00fcr den die Daten erhoben wurden, erreicht ist, (3) Sie Ihre Einwilligung zur Datenverarbeitung widerrufen haben und keine andere Rechtsgrundlage f\u00fcr die Verarbeitung besteht, (4) wir einer rechtlichen Pflicht zu L\u00f6schung der Daten unterliegen (5) sie unter 16 Jahre alt sind oder (6) Sie der Verarbeitung Widersprochen haben und auf unserer Seite kein vorrangigen berechtigten Gr\u00fcnde f\u00fcr die Verarbeitung bestehen.<\/p>\n<p><strong>Recht auf Einschr\u00e4nkung der Verarbeitung.<\/strong>\u00a0Sie k\u00f6nnen von uns die Einschr\u00e4nkung der Verarbeitung in folgenden F\u00e4llen verlangen. Wir werden die Daten in diesen F\u00e4llen mit einem Sperrvermerk versehen und nicht weiter verarbeiten. (1) Sofern Sie die Richtigkeit der personenbezogenen Daten bestreiten f\u00fcr die Dauer unserer Pr\u00fcfung. (2) Sofern Sie L\u00f6schung verlangt haben und wir eine L\u00f6schung nicht durchf\u00fchren k\u00f6nnen oder d\u00fcrfen. (3) Sofern Sie die Daten f\u00fcr die Geltendmachung von Anspr\u00fcchen ben\u00f6tigen, wir aber zur L\u00f6schung verpflichtet w\u00e4ren, weil der Zweck der Verarbeitung erreicht ist. (4) Sofern Sie Widerspruch gegen die Verarbeitung erhoben haben und noch keine endg\u00fcltige Entscheidung erfolgt ist.<\/p>\n<p><strong>Recht auf Daten\u00fcbertragbarkeit.<\/strong>\u00a0Sie haben das Recht Daten, die Sie selbst im Rahmen eines Vertrags oder auf Grundlage einer Einwilligung zur Verf\u00fcgung gestellt haben und die automatisiert Verarbeitet werden, bei uns als g\u00e4ngiges maschinenlesbares Format (Datensatz) anzufordern.<\/p>\n<p><strong>Widerspruch gegen die Verarbeitung.<\/strong>\u00a0Sofern sich die Verarbeitung Sie betreffender personenbezogener Daten auf berechtigte Interessen unsererseits st\u00fctzt, k\u00f6nnen Sie aus Gr\u00fcnden, die sich aus Ihrer besonderen Situation ergeben, der Verarbeitung widersprechen.<\/p>\n<p><strong>Widerruf einer erteilten Einwilligung.<\/strong>\u00a0Sofern Sie uns gegen\u00fcber in die Verarbeitung von personenbezogenen Daten eingewilligt haben, k\u00f6nnen Sie die Einwilligung jederzeit widerrufen. Bitte richten Sie ihren Widerruf an die oben angegebenen Daten oder per Mail an: info@advocate-germany.de<\/p>\n<p>M\u00f6chten Sie von Ihrem Widerrufs- oder Widerspruchsrecht Gebrauch machen, gen\u00fcgt eine E-Mail an info@advocate-germany.de.<\/p>\n<p><strong>9.Beschwerderecht zu Datenschutzaufsicht.<\/strong><\/p>\n<p>Sie haben das Recht sich mit einer datenschutzrechtlichen Beschwerde an die Aufsichtsbeh\u00f6rden zu wenden. Die f\u00fcr uns zust\u00e4ndige Aufsichtsbeh\u00f6rde ist Landesbeauftragte f\u00fcr Datenschutz und Informationsfreiheit Nordrhein-Westfalen. Die Beschwerde kann unabh\u00e4ngig von der Zust\u00e4ndigkeit bei jeder Aufsichtsbeh\u00f6rde erhoben werden.<\/p>\n<p><strong>10. Datensicherheit<\/strong><br \/>\nWir verwenden innerhalb des Website-Besuchs das verbreitete SSL-Verfahren (Secure Socket Layer) in Verbindung mit der jeweils h\u00f6chsten Verschl\u00fcsselungsstufe, die von Ihrem Browser unterst\u00fctzt wird. In der Regel handelt es sich dabei um eine 256 Bit Verschl\u00fcsselung. Falls Ihr Browser keine 256-Bit Verschl\u00fcsselung unterst\u00fctzt, greifen wir stattdessen auf 128-Bit v3 Technologie zur\u00fcck. Ob eine einzelne Seite unseres Internetauftrittes verschl\u00fcsselt \u00fcbertragen wird, erkennen Sie an der geschlossenen Darstellung des Sch\u00fcssel- beziehungsweise Schloss-Symbols in der unteren Statusleiste Ihres Browsers.<br \/>\nWir bedienen uns im \u00dcbrigen geeigneter technischer und organisatorischer Sicherheitsma\u00dfnahmen, um Ihre Daten gegen zuf\u00e4llige oder vors\u00e4tzliche Manipulationen, teilweisen oder vollst\u00e4ndigen Verlust, Zerst\u00f6rung oder gegen den unbefugten Zugriff Dritter zu sch\u00fctzen. Unsere Sicherheitsma\u00dfnahmen werden entsprechend der technologischen Entwicklung fortlaufend verbessert.<\/p>\n<p><strong>11. Aktualit\u00e4t und \u00c4nderung dieser Datenschutzerkl\u00e4rung<\/strong><br \/>\nDiese Datenschutzerkl\u00e4rung ist aktuell g\u00fcltig und hat den Stand Mai 2018.<br \/>\nDurch die Weiterentwicklung unserer Website und Angebote dar\u00fcber oder aufgrund ge\u00e4nderter gesetzlicher beziehungsweise beh\u00f6rdlicher Vorgaben kann es notwendig werden, diese Datenschutzerkl\u00e4rung zu \u00e4ndern. Die jeweils aktuelle Datenschutzerkl\u00e4rung kann jederzeit auf der Website unter https:\/\/www.advocate-germany.de.de\/datenschutz von Ihnen abgerufen und ausgedruckt werden.<\/p>\n","protected":false},"excerpt":{"rendered":"<p>Wir bedanken uns h\u00f6flich f\u00fcr Ihren Besuch unserer Website und freuen uns \u00fcber Ihr Interesse an uns und den Inhalten unserer Rechtsanwaltskanzlei, die wir auf unserer Website zur Verf\u00fcgung gestellt haben. Die Berufstr\u00e4ger unserer Kanzlei sind bereits nach der Bundesrechtsanwaltsordnung zur Verschwiegenheit verpflichtet. Auch aus diesem Grund ist uns Ihr Vertrauen wichtig. Das gilt selbstverst\u00e4ndlich [&hellip;]<\/p>\n","protected":false},"author":1,"featured_media":0,"parent":0,"menu_order":0,"comment_status":"closed","ping_status":"closed","template":"","meta":{"_acf_changed":false,"footnotes":""},"class_list":["post-317","page","type-page","status-publish","hentry"],"acf":[],"_links":{"self":[{"href":"https:\/\/sugrobov.de\/ru\/wp-json\/wp\/v2\/pages\/317","targetHints":{"allow":["GET"]}}],"collection":[{"href":"https:\/\/sugrobov.de\/ru\/wp-json\/wp\/v2\/pages"}],"about":[{"href":"https:\/\/sugrobov.de\/ru\/wp-json\/wp\/v2\/types\/page"}],"author":[{"embeddable":true,"href":"https:\/\/sugrobov.de\/ru\/wp-json\/wp\/v2\/users\/1"}],"replies":[{"embeddable":true,"href":"https:\/\/sugrobov.de\/ru\/wp-json\/wp\/v2\/comments?post=317"}],"version-history":[{"count":4,"href":"https:\/\/sugrobov.de\/ru\/wp-json\/wp\/v2\/pages\/317\/revisions"}],"predecessor-version":[{"id":329,"href":"https:\/\/sugrobov.de\/ru\/wp-json\/wp\/v2\/pages\/317\/revisions\/329"}],"wp:attachment":[{"href":"https:\/\/sugrobov.de\/ru\/wp-json\/wp\/v2\/media?parent=317"}],"curies":[{"name":"wp","href":"https:\/\/api.w.org\/{rel}","templated":true}]}}