{"id":312,"date":"2023-06-27T06:09:07","date_gmt":"2023-06-27T06:09:07","guid":{"rendered":"https:\/\/sugrobov.de\/?page_id=312"},"modified":"2023-08-05T12:06:43","modified_gmt":"2023-08-05T12:06:43","slug":"impressum","status":"publish","type":"page","link":"https:\/\/sugrobov.de\/ru\/impressum\/","title":{"rendered":"Impressum"},"content":{"rendered":"<div class=\"elementor-element elementor-element-6a9838a elementor-widget elementor-widget-heading\" data-id=\"6a9838a\" data-element_type=\"widget\" data-widget_type=\"heading.default\">\n<div class=\"elementor-widget-container\">\n<h1 class=\"elementor-heading-title elementor-size-default\">Impressum<\/h1>\n<\/div>\n<\/div>\n<div class=\"elementor-element elementor-element-0333ca8 elementor-widget elementor-widget-text-editor\" data-id=\"0333ca8\" data-element_type=\"widget\" data-widget_type=\"text-editor.default\">\n<div class=\"elementor-widget-container\">\n<p>Angaben entsprechend \u00a7 6 Telemediengesetz<br \/>\nRechtsanwalt Maxim Sugrobov<\/p>\n<\/div>\n<\/div>\n<div class=\"elementor-element elementor-element-a03a361 elementor-widget elementor-widget-heading\" data-id=\"a03a361\" data-element_type=\"widget\" data-widget_type=\"heading.default\">\n<div class=\"elementor-widget-container\">\n<h2 class=\"elementor-heading-title elementor-size-default\">Kontakt<\/h2>\n<\/div>\n<\/div>\n<div class=\"elementor-element elementor-element-066c39a elementor-widget elementor-widget-text-editor\" data-id=\"066c39a\" data-element_type=\"widget\" data-widget_type=\"text-editor.default\">\n<div class=\"elementor-widget-container\">\n<div>Ludgeri str. 20<\/div>\n<div>48727 Billerbeck<\/div>\n<div>Telefon: 02543 \/ 4777<\/div>\n<div>\u2028Telefax: 02543 \/ 9853<\/div>\n<\/div>\n<\/div>\n<div class=\"elementor-element elementor-element-ba118f2 elementor-widget elementor-widget-heading\" data-id=\"ba118f2\" data-element_type=\"widget\" data-widget_type=\"heading.default\">\n<div class=\"elementor-widget-container\">\n<h2 class=\"elementor-heading-title elementor-size-default\">Berufsbezeichnung und zust\u00e4ndige Kammern<\/h2>\n<\/div>\n<\/div>\n<div class=\"elementor-element elementor-element-13202ff elementor-widget elementor-widget-text-editor\" data-id=\"13202ff\" data-element_type=\"widget\" data-widget_type=\"text-editor.default\">\n<div class=\"elementor-widget-container\">\n<div>Zust\u00e4ndige Berufskammer der Rechtsanw\u00e4lte<\/div>\n<div>Rechtsanwaltskammer Hamm<\/div>\n<div>\u2028Ostenallee 18<\/div>\n<div>59063 Hamm<\/div>\n<div>e-Mail: info@rak-hamm.de<\/div>\n<\/div>\n<\/div>\n<div class=\"elementor-element elementor-element-8f25687 elementor-widget elementor-widget-heading\" data-id=\"8f25687\" data-element_type=\"widget\" data-widget_type=\"heading.default\">\n<div class=\"elementor-widget-container\">\n<h2 class=\"elementor-heading-title elementor-size-default\">Berufshaftpflichtversicherung<\/h2>\n<\/div>\n<\/div>\n<div class=\"elementor-element elementor-element-0ad52fd elementor-widget elementor-widget-text-editor\" data-id=\"0ad52fd\" data-element_type=\"widget\" data-widget_type=\"text-editor.default\">\n<div class=\"elementor-widget-container\">\n<p>Die Partnerschaftsgesellschaft unterh\u00e4lt eine Berufshaftpflichtversicherung bei der Allianz Versicherungs-AG, Postfach 10900 Berlin. R\u00e4umlicher Geltungsbreich ist zumindest die Bundesrepublik Deutschland.<\/p>\n<\/div>\n<\/div>\n<div class=\"elementor-element elementor-element-37810d4 elementor-widget elementor-widget-heading\" data-id=\"37810d4\" data-element_type=\"widget\" data-widget_type=\"heading.default\">\n<div class=\"elementor-widget-container\">\n<h2 class=\"elementor-heading-title elementor-size-default\">Berufsrechtliche Regelungen<\/h2>\n<\/div>\n<\/div>\n<div class=\"elementor-element elementor-element-2204493 elementor-widget elementor-widget-text-editor\" data-id=\"2204493\" data-element_type=\"widget\" data-widget_type=\"text-editor.default\">\n<div class=\"elementor-widget-container\">\n<p>F\u00fcr die T\u00e4tigkeit als Rechtsanw\u00e4ltin\/Rechtsanwalt gelten die folgenden berufsrechtlichen Regelungen:<br \/>\nBundesrechtsanwaltsordnung (BRAO),<br \/>\nBerufsordnung (BORA),<br \/>\nFachanwaltsordnung (FAO),<br \/>\nRechtsanwaltsverg\u00fctungsgesetz (RVG)<br \/>\nBerufsregeln der Rechtsanw\u00e4lte der Europ\u00e4ischen Gemeinschaft (CCBE).<br \/>\nDie Inhalte der aufgef\u00fchrten Regelungen finden Sie auf den Internetseiten der Bundesrechtsanwaltskammer unter\u00a0<a href=\"http:\/\/www.brak.de\/\" target=\"_blank\" rel=\"noopener\">http:\/\/www.brak.de<\/a>\u00a0in der Rubrik \u201cF\u00fcr Anw\u00e4lte\u201c unter dem Men\u00fcpunkt \u201eBerufsrecht\u201d.<\/p>\n<\/div>\n<\/div>\n<div class=\"elementor-element elementor-element-b8b678a elementor-widget elementor-widget-heading\" data-id=\"b8b678a\" data-element_type=\"widget\" data-widget_type=\"heading.default\">\n<div class=\"elementor-widget-container\">\n<h2 class=\"elementor-heading-title elementor-size-default\">Berufsrechtliche Regelungen der Notare<\/h2>\n<\/div>\n<\/div>\n<div class=\"elementor-element elementor-element-6e37200 elementor-widget elementor-widget-text-editor\" data-id=\"6e37200\" data-element_type=\"widget\" data-widget_type=\"text-editor.default\">\n<div class=\"elementor-widget-container\">\n<p>Die T\u00e4tigkeit als Notar ist in folgenden Gesetzen, Verordnungen und Richtlinien geregelt:<br \/>\nBundesnotarordnung,<br \/>\nBeurkundungsgesetz,<br \/>\nRichtlinien der Notarkammer Oldenburg,<br \/>\nDienstordnung f\u00fcr Notare,<br \/>\nGesetz \u00fcber Kosten der freiwilligen Gerichtsbarkeit f\u00fcr Gerichte und Notare,<br \/>\nf\u00fcr den Bereich des internationalen Rechtsverkehrs der \u201cEurop\u00e4ische Standeskodex\u201d.<br \/>\nDiese Regelungen sind einsehbar und abrufbar unter\u00a0<a href=\"http:\/\/www.bnotk.de\/\" target=\"_blank\" rel=\"noopener\">http:\/\/www.bnotk.de<\/a>, Rubrik \u201eDer Notar\u201c, Men\u00fcpunkt \u201eBerufsrecht\u201c.<\/p>\n<\/div>\n<\/div>\n<div class=\"elementor-element elementor-element-d60b02b elementor-widget elementor-widget-heading\" data-id=\"d60b02b\" data-element_type=\"widget\" data-widget_type=\"heading.default\">\n<div class=\"elementor-widget-container\">\n<h2 class=\"elementor-heading-title elementor-size-default\">Information nach \u00a7 36 Abs. 1\u00a0VSGB<\/h2>\n<\/div>\n<\/div>\n<div class=\"elementor-element elementor-element-025e252 elementor-widget elementor-widget-text-editor\" data-id=\"025e252\" data-element_type=\"widget\" data-widget_type=\"text-editor.default\">\n<div class=\"elementor-widget-container\">\n<p>Wir sind nicht verpflichtet und nicht bereit, an einem Streitbeilegungsverfahren vor einer Verbraucherschlichtungsstelle teilzunehmen.<br \/>\nPlattform der EU zur au\u00dfergerichtlichen Online-Streitbeilegung:\u00a0<a href=\"http:\/\/ec.europa.eu\/consumers\/odr\/\" target=\"_blank\" rel=\"noopener\">http:\/\/ec.europa.eu\/consumers\/odr\/\u2028<\/a><br \/>\nE-Mail:\u00a0kontakt@sugrobov.de<\/p>\n<\/div>\n<\/div>\n<div class=\"elementor-element elementor-element-2e48b7f elementor-widget elementor-widget-heading\" data-id=\"2e48b7f\" data-element_type=\"widget\" data-widget_type=\"heading.default\">\n<div class=\"elementor-widget-container\">\n<h2 class=\"elementor-heading-title elementor-size-default\">Haftungshinweis<\/h2>\n<\/div>\n<\/div>\n<div class=\"elementor-element elementor-element-ca79b82 elementor-widget elementor-widget-text-editor\" data-id=\"ca79b82\" data-element_type=\"widget\" data-widget_type=\"text-editor.default\">\n<div class=\"elementor-widget-container\">\n<p>Die Anwaltskanzlei Sugrobov+ ist bestrebt, vollst\u00e4ndige, aktuelle und inhaltlich zutreffende Informationen auf dieser Webseite darzustellen. Gleichwohl kann die Anwaltskanzlei Sugrobov+ keinerlei Gew\u00e4hr f\u00fcr die Vollst\u00e4ndigkeit, Aktualit\u00e4t oder inhaltliche Richtigkeit der dargestellten Informationen \u00fcbernehmen. Sofern \u00fcber Links auf andere, au\u00dferhalb des Verantwortungsbereichs der Anwaltskanzlei Sugrobov+ liegende Webseiten verwiesen wird, haften wir nicht. Die Anwaltskanzlei Sugrobov+ \u00fcbernimmt keine Verantwortung f\u00fcr Darstellungen und Inhalt fremder Webseiten.<br \/>\nDie Vervielf\u00e4ltigung von Informationen oder Daten, insbesondere Texten, Textteilen oder Bildmaterial bedarf der ausdr\u00fccklichen Zustimmung der Anwaltskanzlei Sugrobov+.<\/p>\n<\/div>\n<\/div>\n","protected":false},"excerpt":{"rendered":"<p>Impressum Angaben entsprechend \u00a7 6 Telemediengesetz Rechtsanwalt Maxim Sugrobov Kontakt Ludgeri str. 20 48727 Billerbeck Telefon: 02543 \/ 4777 \u2028Telefax: 02543 \/ 9853 Berufsbezeichnung und zust\u00e4ndige Kammern Zust\u00e4ndige Berufskammer der Rechtsanw\u00e4lte Rechtsanwaltskammer Hamm \u2028Ostenallee 18 59063 Hamm e-Mail: info@rak-hamm.de Berufshaftpflichtversicherung Die Partnerschaftsgesellschaft unterh\u00e4lt eine Berufshaftpflichtversicherung bei der Allianz Versicherungs-AG, Postfach 10900 Berlin. R\u00e4umlicher Geltungsbreich ist [&hellip;]<\/p>\n","protected":false},"author":1,"featured_media":0,"parent":0,"menu_order":0,"comment_status":"closed","ping_status":"closed","template":"","meta":{"_acf_changed":false,"footnotes":""},"class_list":["post-312","page","type-page","status-publish","hentry"],"acf":[],"_links":{"self":[{"href":"https:\/\/sugrobov.de\/ru\/wp-json\/wp\/v2\/pages\/312","targetHints":{"allow":["GET"]}}],"collection":[{"href":"https:\/\/sugrobov.de\/ru\/wp-json\/wp\/v2\/pages"}],"about":[{"href":"https:\/\/sugrobov.de\/ru\/wp-json\/wp\/v2\/types\/page"}],"author":[{"embeddable":true,"href":"https:\/\/sugrobov.de\/ru\/wp-json\/wp\/v2\/users\/1"}],"replies":[{"embeddable":true,"href":"https:\/\/sugrobov.de\/ru\/wp-json\/wp\/v2\/comments?post=312"}],"version-history":[{"count":4,"href":"https:\/\/sugrobov.de\/ru\/wp-json\/wp\/v2\/pages\/312\/revisions"}],"predecessor-version":[{"id":327,"href":"https:\/\/sugrobov.de\/ru\/wp-json\/wp\/v2\/pages\/312\/revisions\/327"}],"wp:attachment":[{"href":"https:\/\/sugrobov.de\/ru\/wp-json\/wp\/v2\/media?parent=312"}],"curies":[{"name":"wp","href":"https:\/\/api.w.org\/{rel}","templated":true}]}}